{"id":922,"date":"2021-10-04T10:18:55","date_gmt":"2021-10-04T08:18:55","guid":{"rendered":"https:\/\/sadimebuducnost.sk\/?page_id=922"},"modified":"2025-01-23T11:53:01","modified_gmt":"2025-01-23T10:53:01","slug":"homepage","status":"publish","type":"page","link":"https:\/\/sadimebuducnost.sk\/en\/","title":{"rendered":"About initiative"},"content":{"rendered":"<div class=\"container\">\n    <div id=\"block-id-block_d06bc67152a5782eb77f031f2898f207\" class=\"main-banner info-banner\">\n        <div class=\"main-banner--content\">\n            <h1>We plant trees where they are needed. For resilient cities and a healthy landscape.<\/h1>\n                    <\/div>\n        <div class=\"main-banner--image\">\n                            <div class=\"bg\">\n                    <img decoding=\"async\" width=\"640\" height=\"640\" src=\"https:\/\/sadimebuducnost.sk\/wp-content\/uploads\/2021\/08\/infobg.svg\" class=\"attachment-large size-large\" alt=\"\" \/>                <\/div>\n                                        <div class=\"img-wrapper\">\n                    <img decoding=\"async\" width=\"475\" height=\"426\" src=\"https:\/\/sadimebuducnost.sk\/wp-content\/uploads\/2025\/01\/Untitled-design-3.png\" class=\"attachment-large size-large\" alt=\"\" srcset=\"https:\/\/sadimebuducnost.sk\/wp-content\/uploads\/2025\/01\/Untitled-design-3.png 475w, https:\/\/sadimebuducnost.sk\/wp-content\/uploads\/2025\/01\/Untitled-design-3-300x269.png 300w\" sizes=\"(max-width: 475px) 100vw, 475px\" \/>                <\/div>\n                    <\/div>\n    <\/div>\n<\/div>\n\n\n<div class=\"container\">\n    <div id=\"block-id-block_2b231a828a3ff49460be566b2b69f0dd\" class=\"about-info\">\n        <h2 class=\"bg3\">About initiative<\/h2>\n        <div class=\"about-info--content\">\n            <div class=\"about-info--content__left\">\n                <p><span style=\"font-weight: 400\">In &#8220;Planting the Future&#8221; initiative, the Ekopolis Foundation has combined efforts to protect the environment, long-term support for community projects and the growing interest of people in how we can realistically help our country.<\/span><\/p>\n<p><span style=\"font-weight: 400\">&#8220;Planting the Future&#8221; involves people in the planning, planting and subsequent care of trees, which are a symbol of togetherness among people and nature.<\/span><\/p>\n<p><span style=\"font-weight: 400\">Our goal is to return the trees to the settlements and the open country, wherever they are needed. In particular, to localities where functional green infrastructure is missing or disrupted. An important part of the approach of our initiative &#8220;Planting the Future&#8221; is the support of local communities &#8211; active municipalities, schools, civic associations. The initiative includes educational, informational and demonstrational activities to raise awareness of the importance of trees in the country.<\/span><\/p>\n<p><span style=\"font-weight: 400\">In Ekopolis Foundation, we are aware that planting trees and better greenery is not a universal nor the only way towards sustainable future. However, we consider tree planting to be a concrete and useful way of making the landscape more beautiful, more varied and, above all, more resilient to the impacts of climate change. Each tree affects the microclimate, absorbs carbon from the atmosphere and retains water. Each tree creates living conditions for other plants, animals, fungi and microorganisms. Every tree is part of an ecosystem important to our lives, too.<\/span><\/p>\n            <\/div>\n            <div class=\"about-info--content__right\">\n                                    <div class=\"logo-wrapper\">\n                        <img decoding=\"async\" width=\"267\" height=\"102\" src=\"https:\/\/sadimebuducnost.sk\/wp-content\/uploads\/2021\/08\/sadimebud.svg\" class=\"attachment-full size-full\" alt=\"\" \/>                    <\/div>\n                                <div class=\"desc\">\n                    <h3>The owner<br \/>\nof the brand is the<br \/>\nEkopolis Foundation<\/h3>\n<p><strong>The &#8220;Planting the Future&#8221; brand is apolitical and must not be used to represent political parties. Entities involved in the &#8220;Planting the Future&#8221; initiative agree to spread and preserve the brand&#8217;s reputation and commit themselves not to devote more resources and efforts to presenting a green approach than to actually fulfilling the very essence of the initiative.<\/strong><\/p>\n                <\/div>\n            <\/div>\n        <\/div>\n    <\/div>\n<\/div>\n\n\n<div class=\"container\">\n    <div id=\"block-id-block_7360632ea044b1b6634af4144090799d\" class=\"goals\">\n        <div class=\"goals--header\">\n            <h2 class=\"bg-2\">Objectives<br>of the initiative<\/h2>\n            <h4>Why the initiative<br>was created<br>and what is its purpose<\/h4>\n        <\/div>\n                    <div class=\"goals--goals\">\n                                <div class=\"goals--goals--goal\">\n                    <div class=\"img\">\n                        <img decoding=\"async\" width=\"150\" height=\"150\" src=\"https:\/\/sadimebuducnost.sk\/wp-content\/uploads\/2021\/09\/ikony_Simple-01-150x150.png\" class=\"attachment-thumbnail size-thumbnail\" alt=\"\" srcset=\"https:\/\/sadimebuducnost.sk\/wp-content\/uploads\/2021\/09\/ikony_Simple-01-150x150.png 150w, https:\/\/sadimebuducnost.sk\/wp-content\/uploads\/2021\/09\/ikony_Simple-01-100x100.png 100w\" sizes=\"(max-width: 150px) 100vw, 150px\" \/>                    <\/div>\n                    <h5>We plant trees<br>where they are needed<\/h5>\n                    <p>We want to connect all who want to plant suitable trees in Slovakia wherever it makes sense. It is one of the ways to make the landscape more beautiful, more varied and, above all, more resilient to the impacts of climate change. Municipalities, organisations and institutions, companies, schools or landowners, volunteers and donors &#8211; we can all help the landscape around us.<\/p>\n                <\/div>\n                                <div class=\"goals--goals--goal\">\n                    <div class=\"img\">\n                        <img decoding=\"async\" width=\"150\" height=\"150\" src=\"https:\/\/sadimebuducnost.sk\/wp-content\/uploads\/2021\/09\/ikony_Simple-02-150x150.png\" class=\"attachment-thumbnail size-thumbnail\" alt=\"\" srcset=\"https:\/\/sadimebuducnost.sk\/wp-content\/uploads\/2021\/09\/ikony_Simple-02-150x150.png 150w, https:\/\/sadimebuducnost.sk\/wp-content\/uploads\/2021\/09\/ikony_Simple-02-100x100.png 100w\" sizes=\"(max-width: 150px) 100vw, 150px\" \/>                    <\/div>\n                    <h5>We finance<br>tree plantings<\/h5>\n                    <p>By obtaining funding in one place from public, foundation and private sources, we can easily, transparently and effectively support tree planting where it is most needed.<\/p>\n                <\/div>\n                                <div class=\"goals--goals--goal\">\n                    <div class=\"img\">\n                        <img decoding=\"async\" width=\"150\" height=\"150\" src=\"https:\/\/sadimebuducnost.sk\/wp-content\/uploads\/2021\/09\/ikony_Simple-05-150x150.png\" class=\"attachment-thumbnail size-thumbnail\" alt=\"\" srcset=\"https:\/\/sadimebuducnost.sk\/wp-content\/uploads\/2021\/09\/ikony_Simple-05-150x150.png 150w, https:\/\/sadimebuducnost.sk\/wp-content\/uploads\/2021\/09\/ikony_Simple-05-100x100.png 100w\" sizes=\"(max-width: 150px) 100vw, 150px\" \/>                    <\/div>\n                    <h5>We ensure the quality of plantings<br>and their sustainability<\/h5>\n                    <p>The work does not end with planting trees, on the contrary. In order for newly-planted trees to survive, we must take care of their regular watering and thorough professional care. It is all the more important to choose the appropriate species composition and place for planting at the beginning of the planning and to prepare responsibly for the subsequent care of the planted trees.<\/p>\n                <\/div>\n                                <div class=\"goals--goals--goal\">\n                    <div class=\"img\">\n                        <img decoding=\"async\" width=\"150\" height=\"150\" src=\"https:\/\/sadimebuducnost.sk\/wp-content\/uploads\/2021\/09\/ikony_Simple-03-150x150.png\" class=\"attachment-thumbnail size-thumbnail\" alt=\"\" srcset=\"https:\/\/sadimebuducnost.sk\/wp-content\/uploads\/2021\/09\/ikony_Simple-03-150x150.png 150w, https:\/\/sadimebuducnost.sk\/wp-content\/uploads\/2021\/09\/ikony_Simple-03-100x100.png 100w\" sizes=\"(max-width: 150px) 100vw, 150px\" \/>                    <\/div>\n                    <h5>We facilitate<br>cooperation<\/h5>\n                    <p>Information, methodologies, practical advice, but also legislative conditions &#8211; all in one place. At the same time, we create a space for those who seek help or resources to meet those who offer them. Together, they can participate in the planning, planting and subsequent care of trees.<\/p>\n                <\/div>\n                                <div class=\"goals--goals--goal\">\n                    <div class=\"img\">\n                        <img decoding=\"async\" width=\"150\" height=\"150\" src=\"https:\/\/sadimebuducnost.sk\/wp-content\/uploads\/2021\/09\/ikony_Simple-04-150x150.png\" class=\"attachment-thumbnail size-thumbnail\" alt=\"\" srcset=\"https:\/\/sadimebuducnost.sk\/wp-content\/uploads\/2021\/09\/ikony_Simple-04-150x150.png 150w, https:\/\/sadimebuducnost.sk\/wp-content\/uploads\/2021\/09\/ikony_Simple-04-100x100.png 100w\" sizes=\"(max-width: 150px) 100vw, 150px\" \/>                    <\/div>\n                    <h5>We help<br>remove barriers<\/h5>\n                    <p>Trees in the streets, along roadsides and in fields are often innocent victims of conflicting laws and regulations. Therefore, with this initiative and positive examples we want to contribute to the removal of barriers that prevent the planting of new trees or the preservation of existing ones.<\/p>\n                <\/div>\n                            <\/div>\n            <\/div>\n<\/div>\n\n<div class=\"container\">\n    <div id=\"block-id-block_692291caf2582257dd66282a48e016e8\" class=\"about\">\n        <div class=\"about--left\">\n            <h2 class=\"bg-2\">Who is behind the initiative<br>\u201cPlanting the Future\u201d<\/h2>\n            <div class=\"img-wrapper\">\n                <img decoding=\"async\" width=\"672\" height=\"603\" src=\"https:\/\/sadimebuducnost.sk\/wp-content\/uploads\/2021\/10\/Klektiv_Ekopolis_sadimebuducnost-02.png\" class=\"attachment-full size-full\" alt=\"\" srcset=\"https:\/\/sadimebuducnost.sk\/wp-content\/uploads\/2021\/10\/Klektiv_Ekopolis_sadimebuducnost-02.png 672w, https:\/\/sadimebuducnost.sk\/wp-content\/uploads\/2021\/10\/Klektiv_Ekopolis_sadimebuducnost-02-600x538.png 600w, https:\/\/sadimebuducnost.sk\/wp-content\/uploads\/2021\/10\/Klektiv_Ekopolis_sadimebuducnost-02-300x269.png 300w\" sizes=\"(max-width: 672px) 100vw, 672px\" \/>            <\/div>\n        <\/div>\n        <div class=\"about--right\">\n            <h3>Ekopolis<br \/>\nFoundation<\/h3>\n<p><span style=\"font-weight: 400\">Ekopolis Foundation has long supported projects and activities of non-governmental non-profit organisations throughout Slovakia. It implements grant programs focused on active citizenship and environmental sustainability. It supports and connects people and organisations active in the topics of sustainable development, protection of natural and cultural heritage and in building civil society. During its existence since 1991, it has supported more than three thousand projects of non-governmental organisations, local governments and civic initiatives. It also implements its own projects on a national and international level. Together with sister foundations in Bulgaria, Czechia, Hungary, Poland and Romania, Ekopolis is a member of the international consortium Environmental Partnership Association.<\/span><\/p>\n<p><span style=\"font-weight: 400\">\u201cPlanting the Future\u201d is the result of close cooperation with our sister organisation<br \/>\n<a href=\"https:\/\/www.sazimebudoucnost.cz\/\" target=\"_blank\" rel=\"noopener\">Partnerstv\u00ed Foundation<\/a>\u00a0 from Brno.<\/span><\/p>\n        <\/div>\n    <\/div>\n<\/div>\n\n\n<div class=\"container\">\n    <div id=\"block-id-block_771a4d8e73fdc9fbd482b8d270836468\" class=\"section-space\">\n                            <div class=\"boxes-wrapper \">\n                                    <div class=\"boxes-wrapper--box\">\n                        <h3>Are you interested in the idea of our initiative? <\/h3>\n                        \n                        <a href=\"http:\/\/sadimebuducnost.vibration.sk\/en\/kontakt\/\" target=\"\" class=\"btn\">Contact us <\/a>\n                    <\/div>\n                            <\/div>\n            <\/div>\n<\/div>","protected":false},"excerpt":{"rendered":"","protected":false},"author":1,"featured_media":0,"parent":0,"menu_order":0,"comment_status":"closed","ping_status":"closed","template":"front-page.php","meta":{"_acf_changed":false,"inline_featured_image":false,"footnotes":""},"class_list":["post-922","page","type-page","status-publish","hentry"],"acf":[],"yoast_head":"<!-- This site is optimized with the Yoast SEO plugin v26.4 - https:\/\/yoast.com\/wordpress\/plugins\/seo\/ -->\n<title>About initiative - Sad\u00edme bud\u00facnos\u0165<\/title>\n<meta name=\"robots\" content=\"index, follow, max-snippet:-1, max-image-preview:large, max-video-preview:-1\" \/>\n<link rel=\"canonical\" href=\"https:\/\/sadimebuducnost.sk\/en\/\" \/>\n<meta property=\"og:locale\" content=\"en_US\" \/>\n<meta property=\"og:type\" content=\"article\" \/>\n<meta property=\"og:title\" content=\"About initiative - Sad\u00edme bud\u00facnos\u0165\" \/>\n<meta property=\"og:url\" content=\"https:\/\/sadimebuducnost.sk\/en\/\" \/>\n<meta property=\"og:site_name\" content=\"Sad\u00edme bud\u00facnos\u0165\" \/>\n<meta property=\"article:modified_time\" content=\"2025-01-23T10:53:01+00:00\" \/>\n<meta name=\"twitter:card\" content=\"summary_large_image\" \/>\n<meta name=\"twitter:label1\" content=\"Est. reading time\" \/>\n\t<meta name=\"twitter:data1\" content=\"5 minutes\" \/>\n<script type=\"application\/ld+json\" class=\"yoast-schema-graph\">{\"@context\":\"https:\/\/schema.org\",\"@graph\":[{\"@type\":\"WebPage\",\"@id\":\"https:\/\/sadimebuducnost.sk\/en\/\",\"url\":\"https:\/\/sadimebuducnost.sk\/en\/\",\"name\":\"About initiative - Sad\u00edme bud\u00facnos\u0165\",\"isPartOf\":{\"@id\":\"https:\/\/sadimebuducnost.sk\/#website\"},\"datePublished\":\"2021-10-04T08:18:55+00:00\",\"dateModified\":\"2025-01-23T10:53:01+00:00\",\"breadcrumb\":{\"@id\":\"https:\/\/sadimebuducnost.sk\/en\/#breadcrumb\"},\"inLanguage\":\"en-US\",\"potentialAction\":[{\"@type\":\"ReadAction\",\"target\":[\"https:\/\/sadimebuducnost.sk\/en\/\"]}]},{\"@type\":\"BreadcrumbList\",\"@id\":\"https:\/\/sadimebuducnost.sk\/en\/#breadcrumb\",\"itemListElement\":[{\"@type\":\"ListItem\",\"position\":1,\"name\":\"Domovsk\u00e1 str\u00e1nka\",\"item\":\"https:\/\/sadimebuducnost.sk\/en\/\"},{\"@type\":\"ListItem\",\"position\":2,\"name\":\"About initiative\"}]},{\"@type\":\"WebSite\",\"@id\":\"https:\/\/sadimebuducnost.sk\/#website\",\"url\":\"https:\/\/sadimebuducnost.sk\/\",\"name\":\"Sad\u00edme bud\u00facnos\u0165\",\"description\":\"Sad\u00edme stromy tam, kde je to potrebn\u00e9\",\"potentialAction\":[{\"@type\":\"SearchAction\",\"target\":{\"@type\":\"EntryPoint\",\"urlTemplate\":\"https:\/\/sadimebuducnost.sk\/?s={search_term_string}\"},\"query-input\":{\"@type\":\"PropertyValueSpecification\",\"valueRequired\":true,\"valueName\":\"search_term_string\"}}],\"inLanguage\":\"en-US\"}]}<\/script>\n<!-- \/ Yoast SEO plugin. -->","yoast_head_json":{"title":"About initiative - Sad\u00edme bud\u00facnos\u0165","robots":{"index":"index","follow":"follow","max-snippet":"max-snippet:-1","max-image-preview":"max-image-preview:large","max-video-preview":"max-video-preview:-1"},"canonical":"https:\/\/sadimebuducnost.sk\/en\/","og_locale":"en_US","og_type":"article","og_title":"About initiative - Sad\u00edme bud\u00facnos\u0165","og_url":"https:\/\/sadimebuducnost.sk\/en\/","og_site_name":"Sad\u00edme bud\u00facnos\u0165","article_modified_time":"2025-01-23T10:53:01+00:00","twitter_card":"summary_large_image","twitter_misc":{"Est. reading time":"5 minutes"},"schema":{"@context":"https:\/\/schema.org","@graph":[{"@type":"WebPage","@id":"https:\/\/sadimebuducnost.sk\/en\/","url":"https:\/\/sadimebuducnost.sk\/en\/","name":"About initiative - Sad\u00edme bud\u00facnos\u0165","isPartOf":{"@id":"https:\/\/sadimebuducnost.sk\/#website"},"datePublished":"2021-10-04T08:18:55+00:00","dateModified":"2025-01-23T10:53:01+00:00","breadcrumb":{"@id":"https:\/\/sadimebuducnost.sk\/en\/#breadcrumb"},"inLanguage":"en-US","potentialAction":[{"@type":"ReadAction","target":["https:\/\/sadimebuducnost.sk\/en\/"]}]},{"@type":"BreadcrumbList","@id":"https:\/\/sadimebuducnost.sk\/en\/#breadcrumb","itemListElement":[{"@type":"ListItem","position":1,"name":"Domovsk\u00e1 str\u00e1nka","item":"https:\/\/sadimebuducnost.sk\/en\/"},{"@type":"ListItem","position":2,"name":"About initiative"}]},{"@type":"WebSite","@id":"https:\/\/sadimebuducnost.sk\/#website","url":"https:\/\/sadimebuducnost.sk\/","name":"Sad\u00edme bud\u00facnos\u0165","description":"Sad\u00edme stromy tam, kde je to potrebn\u00e9","potentialAction":[{"@type":"SearchAction","target":{"@type":"EntryPoint","urlTemplate":"https:\/\/sadimebuducnost.sk\/?s={search_term_string}"},"query-input":{"@type":"PropertyValueSpecification","valueRequired":true,"valueName":"search_term_string"}}],"inLanguage":"en-US"}]}},"_links":{"self":[{"href":"https:\/\/sadimebuducnost.sk\/en\/wp-json\/wp\/v2\/pages\/922","targetHints":{"allow":["GET"]}}],"collection":[{"href":"https:\/\/sadimebuducnost.sk\/en\/wp-json\/wp\/v2\/pages"}],"about":[{"href":"https:\/\/sadimebuducnost.sk\/en\/wp-json\/wp\/v2\/types\/page"}],"author":[{"embeddable":true,"href":"https:\/\/sadimebuducnost.sk\/en\/wp-json\/wp\/v2\/users\/1"}],"replies":[{"embeddable":true,"href":"https:\/\/sadimebuducnost.sk\/en\/wp-json\/wp\/v2\/comments?post=922"}],"version-history":[{"count":20,"href":"https:\/\/sadimebuducnost.sk\/en\/wp-json\/wp\/v2\/pages\/922\/revisions"}],"predecessor-version":[{"id":41166,"href":"https:\/\/sadimebuducnost.sk\/en\/wp-json\/wp\/v2\/pages\/922\/revisions\/41166"}],"wp:attachment":[{"href":"https:\/\/sadimebuducnost.sk\/en\/wp-json\/wp\/v2\/media?parent=922"}],"curies":[{"name":"wp","href":"https:\/\/api.w.org\/{rel}","templated":true}]}}